{"id":1295,"date":"2025-02-11T11:45:29","date_gmt":"2025-02-11T10:45:29","guid":{"rendered":"https:\/\/teddyeddie.com\/?page_id=1295"},"modified":"2025-10-17T13:14:23","modified_gmt":"2025-10-17T11:14:23","slug":"spolupraca","status":"publish","type":"page","link":"https:\/\/teddyeddie.com\/sk\/spolupraca\/","title":{"rendered":"Spolupr\u00e1ca "},"content":{"rendered":" ","protected":false},"excerpt":{"rendered":"","protected":false},"author":20,"featured_media":0,"parent":0,"menu_order":0,"comment_status":"closed","ping_status":"closed","template":"b2b-page.blade.php","meta":{"_acf_changed":false,"content-type":"","footnotes":""},"class_list":["post-1295","page","type-page","status-publish","hentry"],"acf":[],"yoast_head":"<!-- This site is optimized with the Yoast SEO plugin v27.4 - https:\/\/yoast.com\/product\/yoast-seo-wordpress\/ -->\n<title>Spolupr\u00e1ca - Teddy Eddie<\/title>\n<meta name=\"description\" content=\"Prev\u00e1dzkujete jazykov\u00fa \u0161kolu alebo ju pl\u00e1nujete otvori\u0165? Kontaktujte n\u00e1s a my v\u00e1m uk\u00e1\u017eeme, ako \u00faspe\u0161ne rozv\u00edja\u0165 v\u00e1\u0161 vzdel\u00e1vac\u00ed biznis v r\u00e1mci licencie Teddy Eddie\" \/>\n<meta name=\"robots\" content=\"index, follow, max-snippet:-1, max-image-preview:large, max-video-preview:-1\" \/>\n<link rel=\"canonical\" href=\"https:\/\/teddyeddie.com\/sk\/spolupraca\/\" \/>\n<meta property=\"og:locale\" content=\"sk_SK\" \/>\n<meta property=\"og:type\" content=\"article\" \/>\n<meta property=\"og:title\" content=\"Spolupr\u00e1ca - Teddy Eddie\" \/>\n<meta property=\"og:description\" content=\"Prev\u00e1dzkujete jazykov\u00fa \u0161kolu alebo ju pl\u00e1nujete otvori\u0165? Kontaktujte n\u00e1s a my v\u00e1m uk\u00e1\u017eeme, ako \u00faspe\u0161ne rozv\u00edja\u0165 v\u00e1\u0161 vzdel\u00e1vac\u00ed biznis v r\u00e1mci licencie Teddy Eddie\" \/>\n<meta property=\"og:url\" content=\"https:\/\/teddyeddie.com\/sk\/spolupraca\/\" \/>\n<meta property=\"og:site_name\" content=\"Teddy Eddie\" \/>\n<meta property=\"article:modified_time\" content=\"2025-10-17T11:14:23+00:00\" \/>\n<meta name=\"twitter:card\" content=\"summary_large_image\" \/>\n<script type=\"application\/ld+json\" class=\"yoast-schema-graph\">{\"@context\":\"https:\\\/\\\/schema.org\",\"@graph\":[{\"@type\":\"WebPage\",\"@id\":\"https:\\\/\\\/teddyeddie.com\\\/sk\\\/spolupraca\\\/\",\"url\":\"https:\\\/\\\/teddyeddie.com\\\/sk\\\/spolupraca\\\/\",\"name\":\"Spolupr\u00e1ca - Teddy Eddie\",\"isPartOf\":{\"@id\":\"https:\\\/\\\/teddyeddie.com\\\/sk\\\/#website\"},\"datePublished\":\"2025-02-11T10:45:29+00:00\",\"dateModified\":\"2025-10-17T11:14:23+00:00\",\"description\":\"Prev\u00e1dzkujete jazykov\u00fa \u0161kolu alebo ju pl\u00e1nujete otvori\u0165? Kontaktujte n\u00e1s a my v\u00e1m uk\u00e1\u017eeme, ako \u00faspe\u0161ne rozv\u00edja\u0165 v\u00e1\u0161 vzdel\u00e1vac\u00ed biznis v r\u00e1mci licencie Teddy Eddie\",\"breadcrumb\":{\"@id\":\"https:\\\/\\\/teddyeddie.com\\\/sk\\\/spolupraca\\\/#breadcrumb\"},\"inLanguage\":\"sk-SK\",\"potentialAction\":[{\"@type\":\"ReadAction\",\"target\":[\"https:\\\/\\\/teddyeddie.com\\\/sk\\\/spolupraca\\\/\"]}]},{\"@type\":\"BreadcrumbList\",\"@id\":\"https:\\\/\\\/teddyeddie.com\\\/sk\\\/spolupraca\\\/#breadcrumb\",\"itemListElement\":[{\"@type\":\"ListItem\",\"position\":1,\"name\":\"Strona g\u0142\u00f3wna\",\"item\":\"https:\\\/\\\/teddyeddie.com\\\/sk\\\/\"},{\"@type\":\"ListItem\",\"position\":2,\"name\":\"Spolupr\u00e1ca\"}]},{\"@type\":\"WebSite\",\"@id\":\"https:\\\/\\\/teddyeddie.com\\\/sk\\\/#website\",\"url\":\"https:\\\/\\\/teddyeddie.com\\\/sk\\\/\",\"name\":\"Teddy Eddie\",\"description\":\"\",\"potentialAction\":[{\"@type\":\"SearchAction\",\"target\":{\"@type\":\"EntryPoint\",\"urlTemplate\":\"https:\\\/\\\/teddyeddie.com\\\/sk\\\/?s={search_term_string}\"},\"query-input\":{\"@type\":\"PropertyValueSpecification\",\"valueRequired\":true,\"valueName\":\"search_term_string\"}}],\"inLanguage\":\"sk-SK\"}]}<\/script>\n<!-- \/ Yoast SEO plugin. -->","yoast_head_json":{"title":"Spolupr\u00e1ca - Teddy Eddie","description":"Prev\u00e1dzkujete jazykov\u00fa \u0161kolu alebo ju pl\u00e1nujete otvori\u0165? Kontaktujte n\u00e1s a my v\u00e1m uk\u00e1\u017eeme, ako \u00faspe\u0161ne rozv\u00edja\u0165 v\u00e1\u0161 vzdel\u00e1vac\u00ed biznis v r\u00e1mci licencie Teddy Eddie","robots":{"index":"index","follow":"follow","max-snippet":"max-snippet:-1","max-image-preview":"max-image-preview:large","max-video-preview":"max-video-preview:-1"},"canonical":"https:\/\/teddyeddie.com\/sk\/spolupraca\/","og_locale":"sk_SK","og_type":"article","og_title":"Spolupr\u00e1ca - Teddy Eddie","og_description":"Prev\u00e1dzkujete jazykov\u00fa \u0161kolu alebo ju pl\u00e1nujete otvori\u0165? Kontaktujte n\u00e1s a my v\u00e1m uk\u00e1\u017eeme, ako \u00faspe\u0161ne rozv\u00edja\u0165 v\u00e1\u0161 vzdel\u00e1vac\u00ed biznis v r\u00e1mci licencie Teddy Eddie","og_url":"https:\/\/teddyeddie.com\/sk\/spolupraca\/","og_site_name":"Teddy Eddie","article_modified_time":"2025-10-17T11:14:23+00:00","twitter_card":"summary_large_image","schema":{"@context":"https:\/\/schema.org","@graph":[{"@type":"WebPage","@id":"https:\/\/teddyeddie.com\/sk\/spolupraca\/","url":"https:\/\/teddyeddie.com\/sk\/spolupraca\/","name":"Spolupr\u00e1ca - Teddy Eddie","isPartOf":{"@id":"https:\/\/teddyeddie.com\/sk\/#website"},"datePublished":"2025-02-11T10:45:29+00:00","dateModified":"2025-10-17T11:14:23+00:00","description":"Prev\u00e1dzkujete jazykov\u00fa \u0161kolu alebo ju pl\u00e1nujete otvori\u0165? Kontaktujte n\u00e1s a my v\u00e1m uk\u00e1\u017eeme, ako \u00faspe\u0161ne rozv\u00edja\u0165 v\u00e1\u0161 vzdel\u00e1vac\u00ed biznis v r\u00e1mci licencie Teddy Eddie","breadcrumb":{"@id":"https:\/\/teddyeddie.com\/sk\/spolupraca\/#breadcrumb"},"inLanguage":"sk-SK","potentialAction":[{"@type":"ReadAction","target":["https:\/\/teddyeddie.com\/sk\/spolupraca\/"]}]},{"@type":"BreadcrumbList","@id":"https:\/\/teddyeddie.com\/sk\/spolupraca\/#breadcrumb","itemListElement":[{"@type":"ListItem","position":1,"name":"Strona g\u0142\u00f3wna","item":"https:\/\/teddyeddie.com\/sk\/"},{"@type":"ListItem","position":2,"name":"Spolupr\u00e1ca"}]},{"@type":"WebSite","@id":"https:\/\/teddyeddie.com\/sk\/#website","url":"https:\/\/teddyeddie.com\/sk\/","name":"Teddy Eddie","description":"","potentialAction":[{"@type":"SearchAction","target":{"@type":"EntryPoint","urlTemplate":"https:\/\/teddyeddie.com\/sk\/?s={search_term_string}"},"query-input":{"@type":"PropertyValueSpecification","valueRequired":true,"valueName":"search_term_string"}}],"inLanguage":"sk-SK"}]}},"_links":{"self":[{"href":"https:\/\/teddyeddie.com\/sk\/wp-json\/wp\/v2\/pages\/1295","targetHints":{"allow":["GET"]}}],"collection":[{"href":"https:\/\/teddyeddie.com\/sk\/wp-json\/wp\/v2\/pages"}],"about":[{"href":"https:\/\/teddyeddie.com\/sk\/wp-json\/wp\/v2\/types\/page"}],"author":[{"embeddable":true,"href":"https:\/\/teddyeddie.com\/sk\/wp-json\/wp\/v2\/users\/20"}],"replies":[{"embeddable":true,"href":"https:\/\/teddyeddie.com\/sk\/wp-json\/wp\/v2\/comments?post=1295"}],"version-history":[{"count":10,"href":"https:\/\/teddyeddie.com\/sk\/wp-json\/wp\/v2\/pages\/1295\/revisions"}],"predecessor-version":[{"id":2378,"href":"https:\/\/teddyeddie.com\/sk\/wp-json\/wp\/v2\/pages\/1295\/revisions\/2378"}],"wp:attachment":[{"href":"https:\/\/teddyeddie.com\/sk\/wp-json\/wp\/v2\/media?parent=1295"}],"curies":[{"name":"wp","href":"https:\/\/api.w.org\/{rel}","templated":true}]}}