{"id":1890,"date":"2025-04-28T19:11:37","date_gmt":"2025-04-28T17:11:37","guid":{"rendered":"https:\/\/teddyeddie.com\/?page_id=1890"},"modified":"2025-07-08T09:15:36","modified_gmt":"2025-07-08T07:15:36","slug":"teddy-eddie-superhero","status":"publish","type":"page","link":"https:\/\/teddyeddie.com\/en\/teddy-eddie-superhero\/","title":{"rendered":"Teddy Eddie Superhero "},"content":{"rendered":" ","protected":false},"excerpt":{"rendered":"","protected":false},"author":6,"featured_media":0,"parent":0,"menu_order":0,"comment_status":"closed","ping_status":"closed","template":"","meta":{"_acf_changed":false,"content-type":"","footnotes":""},"class_list":["post-1890","page","type-page","status-publish","hentry"],"acf":[],"yoast_head":"<!-- This site is optimized with the Yoast SEO plugin v27.4 - https:\/\/yoast.com\/product\/yoast-seo-wordpress\/ -->\n<title>Angielski dla 7 latka - Nauka angielskiego dla 7 latka - Teddy Eddie<\/title>\n<meta name=\"description\" content=\"Angielski dla 7-latka z Teddy Eddie \u2013 rozwijaj umiej\u0119tno\u015bci j\u0119zykowe dziecka w przyjazny spos\u00f3b! Do\u0142\u0105cz do zaj\u0119\u0107 i ucz si\u0119 z u\u015bmiechem!\" \/>\n<meta name=\"robots\" content=\"index, follow, max-snippet:-1, max-image-preview:large, max-video-preview:-1\" \/>\n<link rel=\"canonical\" href=\"https:\/\/teddyeddie.com\/en\/teddy-eddie-superhero\/\" \/>\n<meta property=\"og:locale\" content=\"en_US\" \/>\n<meta property=\"og:type\" content=\"article\" \/>\n<meta property=\"og:title\" content=\"Angielski dla 7 latka - Nauka angielskiego dla 7 latka - Teddy Eddie\" \/>\n<meta property=\"og:description\" content=\"Angielski dla 7-latka z Teddy Eddie \u2013 rozwijaj umiej\u0119tno\u015bci j\u0119zykowe dziecka w przyjazny spos\u00f3b! Do\u0142\u0105cz do zaj\u0119\u0107 i ucz si\u0119 z u\u015bmiechem!\" \/>\n<meta property=\"og:url\" content=\"https:\/\/teddyeddie.com\/en\/teddy-eddie-superhero\/\" \/>\n<meta property=\"og:site_name\" content=\"Teddy Eddie\" \/>\n<meta property=\"article:modified_time\" content=\"2025-07-08T07:15:36+00:00\" \/>\n<meta name=\"twitter:card\" content=\"summary_large_image\" \/>\n<script type=\"application\/ld+json\" class=\"yoast-schema-graph\">{\"@context\":\"https:\\\/\\\/schema.org\",\"@graph\":[{\"@type\":\"WebPage\",\"@id\":\"https:\\\/\\\/teddyeddie.com\\\/en\\\/teddy-eddie-superhero\\\/\",\"url\":\"https:\\\/\\\/teddyeddie.com\\\/en\\\/teddy-eddie-superhero\\\/\",\"name\":\"Angielski dla 7 latka - Nauka angielskiego dla 7 latka - Teddy Eddie\",\"isPartOf\":{\"@id\":\"https:\\\/\\\/teddyeddie.com\\\/en\\\/#website\"},\"datePublished\":\"2025-04-28T17:11:37+00:00\",\"dateModified\":\"2025-07-08T07:15:36+00:00\",\"description\":\"Angielski dla 7-latka z Teddy Eddie \u2013 rozwijaj umiej\u0119tno\u015bci j\u0119zykowe dziecka w przyjazny spos\u00f3b! Do\u0142\u0105cz do zaj\u0119\u0107 i ucz si\u0119 z u\u015bmiechem!\",\"breadcrumb\":{\"@id\":\"https:\\\/\\\/teddyeddie.com\\\/en\\\/teddy-eddie-superhero\\\/#breadcrumb\"},\"inLanguage\":\"en-US\",\"potentialAction\":[{\"@type\":\"ReadAction\",\"target\":[\"https:\\\/\\\/teddyeddie.com\\\/en\\\/teddy-eddie-superhero\\\/\"]}]},{\"@type\":\"BreadcrumbList\",\"@id\":\"https:\\\/\\\/teddyeddie.com\\\/en\\\/teddy-eddie-superhero\\\/#breadcrumb\",\"itemListElement\":[{\"@type\":\"ListItem\",\"position\":1,\"name\":\"Strona g\u0142\u00f3wna\",\"item\":\"https:\\\/\\\/teddyeddie.com\\\/en\\\/\"},{\"@type\":\"ListItem\",\"position\":2,\"name\":\"Teddy Eddie Superhero\"}]},{\"@type\":\"WebSite\",\"@id\":\"https:\\\/\\\/teddyeddie.com\\\/en\\\/#website\",\"url\":\"https:\\\/\\\/teddyeddie.com\\\/en\\\/\",\"name\":\"Teddy Eddie\",\"description\":\"\",\"potentialAction\":[{\"@type\":\"SearchAction\",\"target\":{\"@type\":\"EntryPoint\",\"urlTemplate\":\"https:\\\/\\\/teddyeddie.com\\\/en\\\/?s={search_term_string}\"},\"query-input\":{\"@type\":\"PropertyValueSpecification\",\"valueRequired\":true,\"valueName\":\"search_term_string\"}}],\"inLanguage\":\"en-US\"}]}<\/script>\n<!-- \/ Yoast SEO plugin. -->","yoast_head_json":{"title":"Angielski dla 7 latka - Nauka angielskiego dla 7 latka - Teddy Eddie","description":"Angielski dla 7-latka z Teddy Eddie \u2013 rozwijaj umiej\u0119tno\u015bci j\u0119zykowe dziecka w przyjazny spos\u00f3b! Do\u0142\u0105cz do zaj\u0119\u0107 i ucz si\u0119 z u\u015bmiechem!","robots":{"index":"index","follow":"follow","max-snippet":"max-snippet:-1","max-image-preview":"max-image-preview:large","max-video-preview":"max-video-preview:-1"},"canonical":"https:\/\/teddyeddie.com\/en\/teddy-eddie-superhero\/","og_locale":"en_US","og_type":"article","og_title":"Angielski dla 7 latka - Nauka angielskiego dla 7 latka - Teddy Eddie","og_description":"Angielski dla 7-latka z Teddy Eddie \u2013 rozwijaj umiej\u0119tno\u015bci j\u0119zykowe dziecka w przyjazny spos\u00f3b! Do\u0142\u0105cz do zaj\u0119\u0107 i ucz si\u0119 z u\u015bmiechem!","og_url":"https:\/\/teddyeddie.com\/en\/teddy-eddie-superhero\/","og_site_name":"Teddy Eddie","article_modified_time":"2025-07-08T07:15:36+00:00","twitter_card":"summary_large_image","schema":{"@context":"https:\/\/schema.org","@graph":[{"@type":"WebPage","@id":"https:\/\/teddyeddie.com\/en\/teddy-eddie-superhero\/","url":"https:\/\/teddyeddie.com\/en\/teddy-eddie-superhero\/","name":"Angielski dla 7 latka - Nauka angielskiego dla 7 latka - Teddy Eddie","isPartOf":{"@id":"https:\/\/teddyeddie.com\/en\/#website"},"datePublished":"2025-04-28T17:11:37+00:00","dateModified":"2025-07-08T07:15:36+00:00","description":"Angielski dla 7-latka z Teddy Eddie \u2013 rozwijaj umiej\u0119tno\u015bci j\u0119zykowe dziecka w przyjazny spos\u00f3b! Do\u0142\u0105cz do zaj\u0119\u0107 i ucz si\u0119 z u\u015bmiechem!","breadcrumb":{"@id":"https:\/\/teddyeddie.com\/en\/teddy-eddie-superhero\/#breadcrumb"},"inLanguage":"en-US","potentialAction":[{"@type":"ReadAction","target":["https:\/\/teddyeddie.com\/en\/teddy-eddie-superhero\/"]}]},{"@type":"BreadcrumbList","@id":"https:\/\/teddyeddie.com\/en\/teddy-eddie-superhero\/#breadcrumb","itemListElement":[{"@type":"ListItem","position":1,"name":"Strona g\u0142\u00f3wna","item":"https:\/\/teddyeddie.com\/en\/"},{"@type":"ListItem","position":2,"name":"Teddy Eddie Superhero"}]},{"@type":"WebSite","@id":"https:\/\/teddyeddie.com\/en\/#website","url":"https:\/\/teddyeddie.com\/en\/","name":"Teddy Eddie","description":"","potentialAction":[{"@type":"SearchAction","target":{"@type":"EntryPoint","urlTemplate":"https:\/\/teddyeddie.com\/en\/?s={search_term_string}"},"query-input":{"@type":"PropertyValueSpecification","valueRequired":true,"valueName":"search_term_string"}}],"inLanguage":"en-US"}]}},"_links":{"self":[{"href":"https:\/\/teddyeddie.com\/en\/wp-json\/wp\/v2\/pages\/1890","targetHints":{"allow":["GET"]}}],"collection":[{"href":"https:\/\/teddyeddie.com\/en\/wp-json\/wp\/v2\/pages"}],"about":[{"href":"https:\/\/teddyeddie.com\/en\/wp-json\/wp\/v2\/types\/page"}],"author":[{"embeddable":true,"href":"https:\/\/teddyeddie.com\/en\/wp-json\/wp\/v2\/users\/6"}],"replies":[{"embeddable":true,"href":"https:\/\/teddyeddie.com\/en\/wp-json\/wp\/v2\/comments?post=1890"}],"version-history":[{"count":4,"href":"https:\/\/teddyeddie.com\/en\/wp-json\/wp\/v2\/pages\/1890\/revisions"}],"predecessor-version":[{"id":2179,"href":"https:\/\/teddyeddie.com\/en\/wp-json\/wp\/v2\/pages\/1890\/revisions\/2179"}],"wp:attachment":[{"href":"https:\/\/teddyeddie.com\/en\/wp-json\/wp\/v2\/media?parent=1890"}],"curies":[{"name":"wp","href":"https:\/\/api.w.org\/{rel}","templated":true}]}}