{"id":1782,"date":"2025-04-24T20:30:39","date_gmt":"2025-04-24T18:30:39","guid":{"rendered":"https:\/\/teddyeddie.com\/?page_id=1782"},"modified":"2025-07-08T08:45:17","modified_gmt":"2025-07-08T06:45:17","slug":"teddy-eddie-standard","status":"publish","type":"page","link":"https:\/\/teddyeddie.com\/en\/teddy-eddie-standard\/","title":{"rendered":"Teddy Eddie Standard "},"content":{"rendered":" ","protected":false},"excerpt":{"rendered":"","protected":false},"author":6,"featured_media":0,"parent":0,"menu_order":0,"comment_status":"closed","ping_status":"closed","template":"","meta":{"_acf_changed":false,"content-type":"","footnotes":""},"class_list":["post-1782","page","type-page","status-publish","hentry"],"acf":[],"yoast_head":"<!-- This site is optimized with the Yoast SEO plugin v27.4 - https:\/\/yoast.com\/product\/yoast-seo-wordpress\/ -->\n<title>Angielski dla 4 latka - Angielski dla 5 latka - Teddy Eddie<\/title>\n<meta name=\"description\" content=\"Angielski dla 4 i 5 latka z Teddy Eddie \u2013 pe\u0142ne zabawy zaj\u0119cia j\u0119zykowe! Zapisz dziecko ju\u017c dzi\u015b i rozwi\u0144 jego j\u0119zykowy potencja\u0142!\" \/>\n<meta name=\"robots\" content=\"index, follow, max-snippet:-1, max-image-preview:large, max-video-preview:-1\" \/>\n<link rel=\"canonical\" href=\"https:\/\/teddyeddie.com\/en\/teddy-eddie-standard\/\" \/>\n<meta property=\"og:locale\" content=\"en_US\" \/>\n<meta property=\"og:type\" content=\"article\" \/>\n<meta property=\"og:title\" content=\"Angielski dla 4 latka - Angielski dla 5 latka - Teddy Eddie\" \/>\n<meta property=\"og:description\" content=\"Angielski dla 4 i 5 latka z Teddy Eddie \u2013 pe\u0142ne zabawy zaj\u0119cia j\u0119zykowe! Zapisz dziecko ju\u017c dzi\u015b i rozwi\u0144 jego j\u0119zykowy potencja\u0142!\" \/>\n<meta property=\"og:url\" content=\"https:\/\/teddyeddie.com\/en\/teddy-eddie-standard\/\" \/>\n<meta property=\"og:site_name\" content=\"Teddy Eddie\" \/>\n<meta property=\"article:modified_time\" content=\"2025-07-08T06:45:17+00:00\" \/>\n<meta name=\"twitter:card\" content=\"summary_large_image\" \/>\n<script type=\"application\/ld+json\" class=\"yoast-schema-graph\">{\"@context\":\"https:\\\/\\\/schema.org\",\"@graph\":[{\"@type\":\"WebPage\",\"@id\":\"https:\\\/\\\/teddyeddie.com\\\/en\\\/teddy-eddie-standard\\\/\",\"url\":\"https:\\\/\\\/teddyeddie.com\\\/en\\\/teddy-eddie-standard\\\/\",\"name\":\"Angielski dla 4 latka - Angielski dla 5 latka - Teddy Eddie\",\"isPartOf\":{\"@id\":\"https:\\\/\\\/teddyeddie.com\\\/en\\\/#website\"},\"datePublished\":\"2025-04-24T18:30:39+00:00\",\"dateModified\":\"2025-07-08T06:45:17+00:00\",\"description\":\"Angielski dla 4 i 5 latka z Teddy Eddie \u2013 pe\u0142ne zabawy zaj\u0119cia j\u0119zykowe! Zapisz dziecko ju\u017c dzi\u015b i rozwi\u0144 jego j\u0119zykowy potencja\u0142!\",\"breadcrumb\":{\"@id\":\"https:\\\/\\\/teddyeddie.com\\\/en\\\/teddy-eddie-standard\\\/#breadcrumb\"},\"inLanguage\":\"en-US\",\"potentialAction\":[{\"@type\":\"ReadAction\",\"target\":[\"https:\\\/\\\/teddyeddie.com\\\/en\\\/teddy-eddie-standard\\\/\"]}]},{\"@type\":\"BreadcrumbList\",\"@id\":\"https:\\\/\\\/teddyeddie.com\\\/en\\\/teddy-eddie-standard\\\/#breadcrumb\",\"itemListElement\":[{\"@type\":\"ListItem\",\"position\":1,\"name\":\"Strona g\u0142\u00f3wna\",\"item\":\"https:\\\/\\\/teddyeddie.com\\\/en\\\/\"},{\"@type\":\"ListItem\",\"position\":2,\"name\":\"Teddy Eddie Standard\"}]},{\"@type\":\"WebSite\",\"@id\":\"https:\\\/\\\/teddyeddie.com\\\/en\\\/#website\",\"url\":\"https:\\\/\\\/teddyeddie.com\\\/en\\\/\",\"name\":\"Teddy Eddie\",\"description\":\"\",\"potentialAction\":[{\"@type\":\"SearchAction\",\"target\":{\"@type\":\"EntryPoint\",\"urlTemplate\":\"https:\\\/\\\/teddyeddie.com\\\/en\\\/?s={search_term_string}\"},\"query-input\":{\"@type\":\"PropertyValueSpecification\",\"valueRequired\":true,\"valueName\":\"search_term_string\"}}],\"inLanguage\":\"en-US\"}]}<\/script>\n<!-- \/ Yoast SEO plugin. -->","yoast_head_json":{"title":"Angielski dla 4 latka - Angielski dla 5 latka - Teddy Eddie","description":"Angielski dla 4 i 5 latka z Teddy Eddie \u2013 pe\u0142ne zabawy zaj\u0119cia j\u0119zykowe! Zapisz dziecko ju\u017c dzi\u015b i rozwi\u0144 jego j\u0119zykowy potencja\u0142!","robots":{"index":"index","follow":"follow","max-snippet":"max-snippet:-1","max-image-preview":"max-image-preview:large","max-video-preview":"max-video-preview:-1"},"canonical":"https:\/\/teddyeddie.com\/en\/teddy-eddie-standard\/","og_locale":"en_US","og_type":"article","og_title":"Angielski dla 4 latka - Angielski dla 5 latka - Teddy Eddie","og_description":"Angielski dla 4 i 5 latka z Teddy Eddie \u2013 pe\u0142ne zabawy zaj\u0119cia j\u0119zykowe! Zapisz dziecko ju\u017c dzi\u015b i rozwi\u0144 jego j\u0119zykowy potencja\u0142!","og_url":"https:\/\/teddyeddie.com\/en\/teddy-eddie-standard\/","og_site_name":"Teddy Eddie","article_modified_time":"2025-07-08T06:45:17+00:00","twitter_card":"summary_large_image","schema":{"@context":"https:\/\/schema.org","@graph":[{"@type":"WebPage","@id":"https:\/\/teddyeddie.com\/en\/teddy-eddie-standard\/","url":"https:\/\/teddyeddie.com\/en\/teddy-eddie-standard\/","name":"Angielski dla 4 latka - Angielski dla 5 latka - Teddy Eddie","isPartOf":{"@id":"https:\/\/teddyeddie.com\/en\/#website"},"datePublished":"2025-04-24T18:30:39+00:00","dateModified":"2025-07-08T06:45:17+00:00","description":"Angielski dla 4 i 5 latka z Teddy Eddie \u2013 pe\u0142ne zabawy zaj\u0119cia j\u0119zykowe! Zapisz dziecko ju\u017c dzi\u015b i rozwi\u0144 jego j\u0119zykowy potencja\u0142!","breadcrumb":{"@id":"https:\/\/teddyeddie.com\/en\/teddy-eddie-standard\/#breadcrumb"},"inLanguage":"en-US","potentialAction":[{"@type":"ReadAction","target":["https:\/\/teddyeddie.com\/en\/teddy-eddie-standard\/"]}]},{"@type":"BreadcrumbList","@id":"https:\/\/teddyeddie.com\/en\/teddy-eddie-standard\/#breadcrumb","itemListElement":[{"@type":"ListItem","position":1,"name":"Strona g\u0142\u00f3wna","item":"https:\/\/teddyeddie.com\/en\/"},{"@type":"ListItem","position":2,"name":"Teddy Eddie Standard"}]},{"@type":"WebSite","@id":"https:\/\/teddyeddie.com\/en\/#website","url":"https:\/\/teddyeddie.com\/en\/","name":"Teddy Eddie","description":"","potentialAction":[{"@type":"SearchAction","target":{"@type":"EntryPoint","urlTemplate":"https:\/\/teddyeddie.com\/en\/?s={search_term_string}"},"query-input":{"@type":"PropertyValueSpecification","valueRequired":true,"valueName":"search_term_string"}}],"inLanguage":"en-US"}]}},"_links":{"self":[{"href":"https:\/\/teddyeddie.com\/en\/wp-json\/wp\/v2\/pages\/1782","targetHints":{"allow":["GET"]}}],"collection":[{"href":"https:\/\/teddyeddie.com\/en\/wp-json\/wp\/v2\/pages"}],"about":[{"href":"https:\/\/teddyeddie.com\/en\/wp-json\/wp\/v2\/types\/page"}],"author":[{"embeddable":true,"href":"https:\/\/teddyeddie.com\/en\/wp-json\/wp\/v2\/users\/6"}],"replies":[{"embeddable":true,"href":"https:\/\/teddyeddie.com\/en\/wp-json\/wp\/v2\/comments?post=1782"}],"version-history":[{"count":4,"href":"https:\/\/teddyeddie.com\/en\/wp-json\/wp\/v2\/pages\/1782\/revisions"}],"predecessor-version":[{"id":2176,"href":"https:\/\/teddyeddie.com\/en\/wp-json\/wp\/v2\/pages\/1782\/revisions\/2176"}],"wp:attachment":[{"href":"https:\/\/teddyeddie.com\/en\/wp-json\/wp\/v2\/media?parent=1782"}],"curies":[{"name":"wp","href":"https:\/\/api.w.org\/{rel}","templated":true}]}}