{"id":942,"date":"2024-04-11T15:02:08","date_gmt":"2024-04-11T13:02:08","guid":{"rendered":"https:\/\/teddyeddie.com\/home\/"},"modified":"2026-04-09T10:13:22","modified_gmt":"2026-04-09T08:13:22","slug":"home","status":"publish","type":"page","link":"https:\/\/teddyeddie.com\/cs\/","title":{"rendered":"Hlavn\u00ed str\u00e1nka "},"content":{"rendered":" ","protected":false},"excerpt":{"rendered":"","protected":false},"author":1,"featured_media":0,"parent":0,"menu_order":0,"comment_status":"closed","ping_status":"closed","template":"home.blade.php","meta":{"_acf_changed":false,"content-type":"","footnotes":""},"class_list":["post-942","page","type-page","status-publish","hentry"],"acf":[],"yoast_head":"<!-- This site is optimized with the Yoast SEO plugin v27.4 - https:\/\/yoast.com\/product\/yoast-seo-wordpress\/ -->\n<title>Angli\u010dtina pro d\u011bti metodou Teddy Eddie \u2013 Najd\u011bte jazykovou \u0161kolu<\/title>\n<meta name=\"description\" content=\"Angli\u010dtina pro d\u011bti metodou Teddy Eddie \u2013 u\u010den\u00ed hrou! Zapi\u0161te sv\u00e9 d\u00edt\u011b je\u0161t\u011b dnes a sledujte jeho pokroky.\" \/>\n<meta name=\"robots\" content=\"index, follow, max-snippet:-1, max-image-preview:large, max-video-preview:-1\" \/>\n<link rel=\"canonical\" href=\"https:\/\/teddyeddie.com\/cs\/\" \/>\n<meta property=\"og:locale\" content=\"cs_CZ\" \/>\n<meta property=\"og:type\" content=\"article\" \/>\n<meta property=\"og:title\" content=\"Angli\u010dtina pro d\u011bti metodou Teddy Eddie \u2013 Najd\u011bte jazykovou \u0161kolu\" \/>\n<meta property=\"og:description\" content=\"Angli\u010dtina pro d\u011bti metodou Teddy Eddie \u2013 u\u010den\u00ed hrou! Zapi\u0161te sv\u00e9 d\u00edt\u011b je\u0161t\u011b dnes a sledujte jeho pokroky.\" \/>\n<meta property=\"og:url\" content=\"https:\/\/teddyeddie.com\/cs\/\" \/>\n<meta property=\"og:site_name\" content=\"Teddy Eddie\" \/>\n<meta property=\"article:modified_time\" content=\"2026-04-09T08:13:22+00:00\" \/>\n<meta name=\"twitter:card\" content=\"summary_large_image\" \/>\n<script type=\"application\/ld+json\" class=\"yoast-schema-graph\">{\"@context\":\"https:\\\/\\\/schema.org\",\"@graph\":[{\"@type\":\"WebPage\",\"@id\":\"https:\\\/\\\/teddyeddie.com\\\/cs\\\/\",\"url\":\"https:\\\/\\\/teddyeddie.com\\\/cs\\\/\",\"name\":\"Angli\u010dtina pro d\u011bti metodou Teddy Eddie \u2013 Najd\u011bte jazykovou \u0161kolu\",\"isPartOf\":{\"@id\":\"https:\\\/\\\/teddyeddie.com\\\/cs\\\/#website\"},\"datePublished\":\"2024-04-11T13:02:08+00:00\",\"dateModified\":\"2026-04-09T08:13:22+00:00\",\"description\":\"Angli\u010dtina pro d\u011bti metodou Teddy Eddie \u2013 u\u010den\u00ed hrou! Zapi\u0161te sv\u00e9 d\u00edt\u011b je\u0161t\u011b dnes a sledujte jeho pokroky.\",\"breadcrumb\":{\"@id\":\"https:\\\/\\\/teddyeddie.com\\\/cs\\\/#breadcrumb\"},\"inLanguage\":\"cs\",\"potentialAction\":[{\"@type\":\"ReadAction\",\"target\":[\"https:\\\/\\\/teddyeddie.com\\\/cs\\\/\"]}]},{\"@type\":\"BreadcrumbList\",\"@id\":\"https:\\\/\\\/teddyeddie.com\\\/cs\\\/#breadcrumb\",\"itemListElement\":[{\"@type\":\"ListItem\",\"position\":1,\"name\":\"Strona g\u0142\u00f3wna\",\"item\":\"https:\\\/\\\/teddyeddie.com\\\/cs\\\/\"},{\"@type\":\"ListItem\",\"position\":2,\"name\":\"Hlavn\u00ed str\u00e1nka\"}]},{\"@type\":\"WebSite\",\"@id\":\"https:\\\/\\\/teddyeddie.com\\\/cs\\\/#website\",\"url\":\"https:\\\/\\\/teddyeddie.com\\\/cs\\\/\",\"name\":\"Teddy Eddie\",\"description\":\"\",\"potentialAction\":[{\"@type\":\"SearchAction\",\"target\":{\"@type\":\"EntryPoint\",\"urlTemplate\":\"https:\\\/\\\/teddyeddie.com\\\/cs\\\/?s={search_term_string}\"},\"query-input\":{\"@type\":\"PropertyValueSpecification\",\"valueRequired\":true,\"valueName\":\"search_term_string\"}}],\"inLanguage\":\"cs\"}]}<\/script>\n<!-- \/ Yoast SEO plugin. -->","yoast_head_json":{"title":"Angli\u010dtina pro d\u011bti metodou Teddy Eddie \u2013 Najd\u011bte jazykovou \u0161kolu","description":"Angli\u010dtina pro d\u011bti metodou Teddy Eddie \u2013 u\u010den\u00ed hrou! Zapi\u0161te sv\u00e9 d\u00edt\u011b je\u0161t\u011b dnes a sledujte jeho pokroky.","robots":{"index":"index","follow":"follow","max-snippet":"max-snippet:-1","max-image-preview":"max-image-preview:large","max-video-preview":"max-video-preview:-1"},"canonical":"https:\/\/teddyeddie.com\/cs\/","og_locale":"cs_CZ","og_type":"article","og_title":"Angli\u010dtina pro d\u011bti metodou Teddy Eddie \u2013 Najd\u011bte jazykovou \u0161kolu","og_description":"Angli\u010dtina pro d\u011bti metodou Teddy Eddie \u2013 u\u010den\u00ed hrou! Zapi\u0161te sv\u00e9 d\u00edt\u011b je\u0161t\u011b dnes a sledujte jeho pokroky.","og_url":"https:\/\/teddyeddie.com\/cs\/","og_site_name":"Teddy Eddie","article_modified_time":"2026-04-09T08:13:22+00:00","twitter_card":"summary_large_image","schema":{"@context":"https:\/\/schema.org","@graph":[{"@type":"WebPage","@id":"https:\/\/teddyeddie.com\/cs\/","url":"https:\/\/teddyeddie.com\/cs\/","name":"Angli\u010dtina pro d\u011bti metodou Teddy Eddie \u2013 Najd\u011bte jazykovou \u0161kolu","isPartOf":{"@id":"https:\/\/teddyeddie.com\/cs\/#website"},"datePublished":"2024-04-11T13:02:08+00:00","dateModified":"2026-04-09T08:13:22+00:00","description":"Angli\u010dtina pro d\u011bti metodou Teddy Eddie \u2013 u\u010den\u00ed hrou! Zapi\u0161te sv\u00e9 d\u00edt\u011b je\u0161t\u011b dnes a sledujte jeho pokroky.","breadcrumb":{"@id":"https:\/\/teddyeddie.com\/cs\/#breadcrumb"},"inLanguage":"cs","potentialAction":[{"@type":"ReadAction","target":["https:\/\/teddyeddie.com\/cs\/"]}]},{"@type":"BreadcrumbList","@id":"https:\/\/teddyeddie.com\/cs\/#breadcrumb","itemListElement":[{"@type":"ListItem","position":1,"name":"Strona g\u0142\u00f3wna","item":"https:\/\/teddyeddie.com\/cs\/"},{"@type":"ListItem","position":2,"name":"Hlavn\u00ed str\u00e1nka"}]},{"@type":"WebSite","@id":"https:\/\/teddyeddie.com\/cs\/#website","url":"https:\/\/teddyeddie.com\/cs\/","name":"Teddy Eddie","description":"","potentialAction":[{"@type":"SearchAction","target":{"@type":"EntryPoint","urlTemplate":"https:\/\/teddyeddie.com\/cs\/?s={search_term_string}"},"query-input":{"@type":"PropertyValueSpecification","valueRequired":true,"valueName":"search_term_string"}}],"inLanguage":"cs"}]}},"_links":{"self":[{"href":"https:\/\/teddyeddie.com\/cs\/wp-json\/wp\/v2\/pages\/942","targetHints":{"allow":["GET"]}}],"collection":[{"href":"https:\/\/teddyeddie.com\/cs\/wp-json\/wp\/v2\/pages"}],"about":[{"href":"https:\/\/teddyeddie.com\/cs\/wp-json\/wp\/v2\/types\/page"}],"author":[{"embeddable":true,"href":"https:\/\/teddyeddie.com\/cs\/wp-json\/wp\/v2\/users\/1"}],"replies":[{"embeddable":true,"href":"https:\/\/teddyeddie.com\/cs\/wp-json\/wp\/v2\/comments?post=942"}],"version-history":[{"count":10,"href":"https:\/\/teddyeddie.com\/cs\/wp-json\/wp\/v2\/pages\/942\/revisions"}],"predecessor-version":[{"id":2372,"href":"https:\/\/teddyeddie.com\/cs\/wp-json\/wp\/v2\/pages\/942\/revisions\/2372"}],"wp:attachment":[{"href":"https:\/\/teddyeddie.com\/cs\/wp-json\/wp\/v2\/media?parent=942"}],"curies":[{"name":"wp","href":"https:\/\/api.w.org\/{rel}","templated":true}]}}